{"id":1318,"date":"2021-11-21T15:12:46","date_gmt":"2021-11-21T15:12:46","guid":{"rendered":"https:\/\/rychlakara.cz\/?page_id=1318"},"modified":"2023-11-05T15:16:04","modified_gmt":"2023-11-05T14:16:04","slug":"home","status":"publish","type":"page","link":"https:\/\/rychlakara.cz\/","title":{"rendered":"Home"},"content":{"rendered":"\t\t<div data-elementor-type=\"wp-page\" data-elementor-id=\"1318\" class=\"elementor elementor-1318\">\n\t\t\t\t\t\t\t\t\t<section class=\"elementor-section elementor-top-section elementor-element elementor-element-ca7541c elementor-section-height-min-height elementor-section-boxed elementor-section-height-default elementor-section-items-middle exad-glass-effect-no wpr-particle-no wpr-jarallax-no wpr-parallax-no wpr-sticky-section-no exad-sticky-section-no\" data-id=\"ca7541c\" data-element_type=\"section\" data-settings=\"{&quot;background_background&quot;:&quot;video&quot;,&quot;background_video_link&quot;:&quot;http:\\\/\\\/rychlakara.cz\\\/wp-content\\\/uploads\\\/2023\\\/06\\\/Corvette-uvodni-video-720p.mp4&quot;,&quot;background_play_on_mobile&quot;:&quot;yes&quot;,&quot;_ha_eqh_enable&quot;:false}\">\n\t\t\t\t\t\t\t\t<div class=\"elementor-background-video-container\">\n\t\t\t\t\t\t\t\t\t\t\t\t\t<video class=\"elementor-background-video-hosted elementor-html5-video\" autoplay muted playsinline loop><\/video>\n\t\t\t\t\t\t\t\t\t\t\t<\/div>\n\t\t\t\t\t\t\t\t\t<div class=\"elementor-background-overlay\"><\/div>\n\t\t\t\t\t\t\t<div class=\"elementor-container elementor-column-gap-default\">\n\t\t\t\t\t<div class=\"elementor-column elementor-col-100 elementor-top-column elementor-element elementor-element-be10890 exad-glass-effect-no exad-sticky-section-no\" data-id=\"be10890\" data-element_type=\"column\">\n\t\t\t<div class=\"elementor-widget-wrap elementor-element-populated\">\n\t\t\t\t\t\t\t\t<div class=\"elementor-element elementor-element-0708f7f exad-sticky-section-no exad-glass-effect-no elementor-widget elementor-widget-heading\" data-id=\"0708f7f\" data-element_type=\"widget\" data-widget_type=\"heading.default\">\n\t\t\t\t<div class=\"elementor-widget-container\">\n\t\t\t<style>\/*! elementor - v3.13.3 - 28-05-2023 *\/\n.elementor-heading-title{padding:0;margin:0;line-height:1}.elementor-widget-heading .elementor-heading-title[class*=elementor-size-]>a{color:inherit;font-size:inherit;line-height:inherit}.elementor-widget-heading .elementor-heading-title.elementor-size-small{font-size:15px}.elementor-widget-heading .elementor-heading-title.elementor-size-medium{font-size:19px}.elementor-widget-heading .elementor-heading-title.elementor-size-large{font-size:29px}.elementor-widget-heading .elementor-heading-title.elementor-size-xl{font-size:39px}.elementor-widget-heading .elementor-heading-title.elementor-size-xxl{font-size:59px}<\/style><h1 class=\"elementor-heading-title elementor-size-default\">RYCHL\u00c1 K\u00c1RA<\/h1>\t\t<\/div>\n\t\t\t\t<\/div>\n\t\t\t\t<div class=\"elementor-element elementor-element-7991599 exad-sticky-section-no exad-glass-effect-no elementor-widget elementor-widget-heading\" data-id=\"7991599\" data-element_type=\"widget\" data-widget_type=\"heading.default\">\n\t\t\t\t<div class=\"elementor-widget-container\">\n\t\t\t<h1 class=\"elementor-heading-title elementor-size-default\">Jsme jedin\u00e1 firma v \u010cesk\u00e9 Republice, kter\u00e1 zap\u016fj\u010duje  nejrychlej\u0161\u00ed vozy Sv\u011bta!  Za\u017eijte nebo darujte s n\u00e1mi z\u00e1\u017eitek pln\u00fd adrenalinu a kr\u00e1sn\u00fdch voz\u016f na kter\u00fd se vzpom\u00edn\u00e1 cel\u00fd \u017eivot!<\/h1>\t\t<\/div>\n\t\t\t\t<\/div>\n\t\t\t\t<div class=\"elementor-element elementor-element-346ec5f exad-sticky-section-no exad-glass-effect-no elementor-widget elementor-widget-premium-addon-button\" data-id=\"346ec5f\" data-element_type=\"widget\" data-widget_type=\"premium-addon-button.default\">\n\t\t\t\t<div class=\"elementor-widget-container\">\n\t\t\t\n\n\t\t<a class=\"premium-button premium-button-style7 premium-btn-lg premium-button-style7-bottom\" href=\"https:\/\/rychlakara.cz\/?page_id=1759\">\n\t\t\t<div class=\"premium-button-text-icon-wrapper\">\n\t\t\t\t\t\t\t\t<span >\n\t\t\t\t\tKoupit z\u00e1\u017eitkovou j\u00edzdu\t\t\t\t<\/span>\n\t\t\t\t\t\t\t<\/div>\n\t\t\t\t\t\t\t\t<\/a>\n\n\n\t\t\t\t<\/div>\n\t\t\t\t<\/div>\n\t\t\t\t\t<\/div>\n\t\t<\/div>\n\t\t\t\t\t\t\t<\/div>\n\t\t<\/section>\n\t\t\t\t<section class=\"elementor-section elementor-top-section elementor-element elementor-element-798f3f6d2 elementor-section-boxed elementor-section-height-default elementor-section-height-default exad-glass-effect-no wpr-particle-no wpr-jarallax-no wpr-parallax-no wpr-sticky-section-no exad-sticky-section-no\" data-id=\"798f3f6d2\" data-element_type=\"section\" data-settings=\"{&quot;background_background&quot;:&quot;classic&quot;,&quot;_ha_eqh_enable&quot;:false}\">\n\t\t\t\t\t\t\t<div class=\"elementor-background-overlay\"><\/div>\n\t\t\t\t\t\t\t<div class=\"elementor-container elementor-column-gap-default\">\n\t\t\t\t\t<div class=\"elementor-column elementor-col-100 elementor-top-column elementor-element elementor-element-5a584024 exad-glass-effect-no exad-sticky-section-no\" data-id=\"5a584024\" data-element_type=\"column\" data-settings=\"{&quot;background_background&quot;:&quot;classic&quot;}\">\n\t\t\t<div class=\"elementor-widget-wrap elementor-element-populated\">\n\t\t\t\t\t<div class=\"elementor-background-overlay\"><\/div>\n\t\t\t\t\t\t\t\t<section class=\"elementor-section elementor-inner-section elementor-element elementor-element-a93c3a7 elementor-section-boxed elementor-section-height-default elementor-section-height-default exad-glass-effect-no wpr-particle-no wpr-jarallax-no wpr-parallax-no wpr-sticky-section-no exad-sticky-section-no\" data-id=\"a93c3a7\" data-element_type=\"section\" data-settings=\"{&quot;_ha_eqh_enable&quot;:false}\">\n\t\t\t\t\t\t<div class=\"elementor-container elementor-column-gap-default\">\n\t\t\t\t\t<div class=\"elementor-column elementor-col-100 elementor-inner-column elementor-element elementor-element-63de7ae6 exad-glass-effect-no exad-sticky-section-no\" data-id=\"63de7ae6\" data-element_type=\"column\">\n\t\t\t<div class=\"elementor-widget-wrap elementor-element-populated\">\n\t\t\t\t\t\t\t\t<div class=\"elementor-element elementor-element-925a7da exad-sticky-section-no exad-glass-effect-no elementor-widget elementor-widget-heading\" data-id=\"925a7da\" data-element_type=\"widget\" data-widget_type=\"heading.default\">\n\t\t\t\t<div class=\"elementor-widget-container\">\n\t\t\t<h1 class=\"elementor-heading-title elementor-size-default\">O n\u00e1s<\/h1>\t\t<\/div>\n\t\t\t\t<\/div>\n\t\t\t\t<div class=\"elementor-element elementor-element-27e26351 exad-sticky-section-no exad-glass-effect-no elementor-widget elementor-widget-text-editor\" data-id=\"27e26351\" data-element_type=\"widget\" data-widget_type=\"text-editor.default\">\n\t\t\t\t<div class=\"elementor-widget-container\">\n\t\t\t<style>\/*! elementor - v3.13.3 - 28-05-2023 *\/\n.elementor-widget-text-editor.elementor-drop-cap-view-stacked .elementor-drop-cap{background-color:#69727d;color:#fff}.elementor-widget-text-editor.elementor-drop-cap-view-framed .elementor-drop-cap{color:#69727d;border:3px solid;background-color:transparent}.elementor-widget-text-editor:not(.elementor-drop-cap-view-default) .elementor-drop-cap{margin-top:8px}.elementor-widget-text-editor:not(.elementor-drop-cap-view-default) .elementor-drop-cap-letter{width:1em;height:1em}.elementor-widget-text-editor .elementor-drop-cap{float:left;text-align:center;line-height:1;font-size:50px}.elementor-widget-text-editor .elementor-drop-cap-letter{display:inline-block}<\/style>\t\t\t\t<p style=\"text-align: center;\"><span style=\"font-weight: 400;\">Jsme jedin\u00e1 spole\u010dnost, kter\u00e1 vyu\u017e\u00edv\u00e1 pro va\u0161e z\u00e1\u017eitky jedny z nejrychlej\u0161\u00edch voz\u016f sv\u011bta ! Rychl\u00e1 k\u00e1ra byla zalo\u017eena pro fanou\u0161ky n\u00e1dhern\u00fdch a sportovn\u00edch voz\u016f. Za\u017eijte nebo darujte&nbsp; nep\u0159ekonateln\u00fd z\u00e1\u017eitek, kter\u00fd v\u00e1m zvedne Adrenalin na maximum a vytvo\u0159\u00ed z\u00e1\u017eitek dokonce \u017eivota!<br><br>V P\u0159\u00edpad\u011b pot\u0159eby n\u00e1s nev\u00e1hejte kontaktovat, velice r\u00e1di v\u00e1m se v\u0161\u00edm porad\u00edme: 736 493 155<\/span><\/p>\t\t\t\t\t\t<\/div>\n\t\t\t\t<\/div>\n\t\t\t\t\t<\/div>\n\t\t<\/div>\n\t\t\t\t\t\t\t<\/div>\n\t\t<\/section>\n\t\t\t\t\t<\/div>\n\t\t<\/div>\n\t\t\t\t\t\t\t<\/div>\n\t\t<\/section>\n\t\t\t\t\t\t\t<\/div>\n\t\t","protected":false},"excerpt":{"rendered":"<p>RYCHL\u00c1 K\u00c1RA Jsme jedin\u00e1 firma v \u010cesk\u00e9 Republice, kter\u00e1 zap\u016fj\u010duje nejrychlej\u0161\u00ed vozy Sv\u011bta! Za\u017eijte nebo darujte s n\u00e1mi z\u00e1\u017eitek pln\u00fd adrenalinu a kr\u00e1sn\u00fdch voz\u016f na kter\u00fd se vzpom\u00edn\u00e1 cel\u00fd \u017eivot! Koupit z\u00e1\u017eitkovou j\u00edzdu O n\u00e1s Jsme jedin\u00e1 spole\u010dnost, kter\u00e1 vyu\u017e\u00edv\u00e1 pro va\u0161e z\u00e1\u017eitky jedny z nejrychlej\u0161\u00edch voz\u016f sv\u011bta ! Rychl\u00e1 k\u00e1ra byla zalo\u017eena pro fanou\u0161ky &hellip;<\/p>\n<p class=\"read-more\"> <a class=\"\" href=\"https:\/\/rychlakara.cz\/\"> <span class=\"screen-reader-text\">Home<\/span> Pokra\u010dovat ve \u010dten\u00ed &raquo;<\/a><\/p>\n","protected":false},"author":1,"featured_media":0,"parent":0,"menu_order":0,"comment_status":"closed","ping_status":"closed","template":"elementor_header_footer","meta":{"_eb_attr":"","site-sidebar-layout":"no-sidebar","site-content-layout":"page-builder","ast-global-header-display":"","ast-main-header-display":"","ast-hfb-above-header-display":"","ast-hfb-below-header-display":"","ast-hfb-mobile-header-display":"","site-post-title":"disabled","ast-breadcrumbs-content":"","ast-featured-img":"disabled","footer-sml-layout":"","theme-transparent-header-meta":"enabled","adv-header-id-meta":"","stick-header-meta":"","header-above-stick-meta":"","header-main-stick-meta":"","header-below-stick-meta":""},"_links":{"self":[{"href":"https:\/\/rychlakara.cz\/index.php?rest_route=\/wp\/v2\/pages\/1318"}],"collection":[{"href":"https:\/\/rychlakara.cz\/index.php?rest_route=\/wp\/v2\/pages"}],"about":[{"href":"https:\/\/rychlakara.cz\/index.php?rest_route=\/wp\/v2\/types\/page"}],"author":[{"embeddable":true,"href":"https:\/\/rychlakara.cz\/index.php?rest_route=\/wp\/v2\/users\/1"}],"replies":[{"embeddable":true,"href":"https:\/\/rychlakara.cz\/index.php?rest_route=%2Fwp%2Fv2%2Fcomments&post=1318"}],"version-history":[{"count":163,"href":"https:\/\/rychlakara.cz\/index.php?rest_route=\/wp\/v2\/pages\/1318\/revisions"}],"predecessor-version":[{"id":2410,"href":"https:\/\/rychlakara.cz\/index.php?rest_route=\/wp\/v2\/pages\/1318\/revisions\/2410"}],"wp:attachment":[{"href":"https:\/\/rychlakara.cz\/index.php?rest_route=%2Fwp%2Fv2%2Fmedia&parent=1318"}],"curies":[{"name":"wp","href":"https:\/\/api.w.org\/{rel}","templated":true}]}}